{"id":39,"date":"2023-09-04T09:46:39","date_gmt":"2023-09-04T07:46:39","guid":{"rendered":"https:\/\/constructionetmarketing.com\/?page_id=39"},"modified":"2023-09-07T11:11:09","modified_gmt":"2023-09-07T09:11:09","slug":"google-ads","status":"publish","type":"page","link":"https:\/\/constructionetmarketing.com\/index.php\/google-ads\/","title":{"rendered":"Google ADS"},"content":{"rendered":"<p>[et_pb_section fb_built=\u00a0\u00bb1&Prime; admin_label=\u00a0\u00bbHeader\u00a0\u00bb _builder_version=\u00a0\u00bb4.22.0&Prime; _module_preset=\u00a0\u00bbdefault\u00a0\u00bb background_color=\u00a0\u00bbgcid-a13652f3-2793-4cb6-9d99-526eb1549d6a\u00a0\u00bb width_tablet=\u00a0\u00bb80%\u00a0\u00bb width_phone=\u00a0\u00bb80%\u00a0\u00bb width_last_edited=\u00a0\u00bbon|tablet\u00a0\u00bb custom_margin=\u00a0\u00bb30px|30px|30px|30px|true|true\u00a0\u00bb custom_padding=\u00a0\u00bb5px||5px|||\u00a0\u00bb module_alignment_tablet=\u00a0\u00bbcenter\u00a0\u00bb module_alignment_phone=\u00a0\u00bbcenter\u00a0\u00bb module_alignment_last_edited=\u00a0\u00bbon|desktop\u00a0\u00bb border_radii=\u00a0\u00bbon|10px|10px|10px|10px\u00a0\u00bb locked=\u00a0\u00bboff\u00a0\u00bb collapsed=\u00a0\u00bbon\u00a0\u00bb global_colors_info=\u00a0\u00bb{%22gcid-a13652f3-2793-4cb6-9d99-526eb1549d6a%22:%91%22background_color%22%93}\u00a0\u00bb][et_pb_row column_structure=\u00a0\u00bb2_3,1_3&Prime; _builder_version=\u00a0\u00bb4.22.0&Prime; _module_preset=\u00a0\u00bbdefault\u00a0\u00bb global_colors_info=\u00a0\u00bb{}\u00a0\u00bb][et_pb_column type=\u00a0\u00bb2_3&Prime; _builder_version=\u00a0\u00bb4.22.0&Prime; _module_preset=\u00a0\u00bbdefault\u00a0\u00bb global_colors_info=\u00a0\u00bb{}\u00a0\u00bb][et_pb_text _builder_version=\u00a0\u00bb4.22.1&Prime; _module_preset=\u00a0\u00bbdd4844aa-fb1d-47e1-a1a2-9681f014ffdc\u00a0\u00bb header_text_color=\u00a0\u00bb#fabc04&Prime; header_font_size=\u00a0\u00bb60px\u00a0\u00bb custom_margin=\u00a0\u00bb29px||0px||false|false\u00a0\u00bb hover_enabled=\u00a0\u00bb0&Prime; header_font_size_phone=\u00a0\u00bb30px\u00a0\u00bb global_colors_info=\u00a0\u00bb{}\u00a0\u00bb custom_margin_last_edited=\u00a0\u00bbon|phone\u00a0\u00bb custom_margin_phone=\u00a0\u00bb0px||0px||false|false\u00a0\u00bb sticky_enabled=\u00a0\u00bb0&Prime; custom_margin_tablet=\u00a0\u00bb29px||0px||false|false\u00a0\u00bb]<\/p>\n<h1>Google ads<\/h1>\n<p>[\/et_pb_text][et_pb_text _builder_version=\u00a0\u00bb4.22.1&Prime; _module_preset=\u00a0\u00bbdefault\u00a0\u00bb text_font=\u00a0\u00bbInter|700|||||||\u00a0\u00bb text_text_color=\u00a0\u00bb#000000&Prime; text_font_size=\u00a0\u00bb35px\u00a0\u00bb hover_enabled=\u00a0\u00bb0&Prime; sticky_enabled=\u00a0\u00bb0&Prime;]<\/p>\n<p>Lien sponsoris\u00e9<\/p>\n<p>[\/et_pb_text][et_pb_text _builder_version=\u00a0\u00bb4.22.1&Prime; _module_preset=\u00a0\u00bb49a76b4d-68ae-49a4-bcca-0ac86b9d96e1&Prime; header_5_font=\u00a0\u00bbInter|300|||||||\u00a0\u00bb header_5_font_size=\u00a0\u00bb16px\u00a0\u00bb hover_enabled=\u00a0\u00bb0&Prime; global_colors_info=\u00a0\u00bb{}\u00a0\u00bb sticky_enabled=\u00a0\u00bb0&Prime;]<\/p>\n<h5><span>Gr\u00e2ce \u00e0 Google Ads, vous avez la possibilit\u00e9 de concevoir des annonces destin\u00e9es \u00e0 \u00eatre diffus\u00e9es sur internet. Cela vous permet ainsi d&rsquo;atteindre des clients potentiels int\u00e9ress\u00e9s par les produits et services que vous offrez.<\/span><\/h5>\n<p>[\/et_pb_text][\/et_pb_column][et_pb_column type=\u00a0\u00bb1_3&Prime; _builder_version=\u00a0\u00bb4.22.0&Prime; _module_preset=\u00a0\u00bbdefault\u00a0\u00bb global_colors_info=\u00a0\u00bb{}\u00a0\u00bb][et_pb_image src=\u00a0\u00bbhttps:\/\/constructionetmarketing.com\/wp-content\/uploads\/2023\/09\/Capture-decran-2023-09-05-a-13.54.18.png\u00a0\u00bb title_text=\u00a0\u00bbCapture d\u2019\u00e9cran 2023-09-05 \u00e0 13.54.18&Prime; align=\u00a0\u00bbcenter\u00a0\u00bb _builder_version=\u00a0\u00bb4.22.1&Prime; _module_preset=\u00a0\u00bbdefault\u00a0\u00bb width=\u00a0\u00bb110%\u00a0\u00bb max_width_tablet=\u00a0\u00bb200px\u00a0\u00bb max_width_phone=\u00a0\u00bb200px\u00a0\u00bb max_width_last_edited=\u00a0\u00bbon|tablet\u00a0\u00bb max_height_tablet=\u00a0\u00bb200px\u00a0\u00bb max_height_phone=\u00a0\u00bb200px\u00a0\u00bb max_height_last_edited=\u00a0\u00bbon|tablet\u00a0\u00bb custom_margin=\u00a0\u00bb-1px||||false|false\u00a0\u00bb custom_margin_tablet=\u00a0\u00bb70px||||false|false\u00a0\u00bb custom_margin_phone=\u00a0\u00bb0px||||false|false\u00a0\u00bb custom_margin_last_edited=\u00a0\u00bbon|phone\u00a0\u00bb hover_enabled=\u00a0\u00bb0&Prime; border_radii=\u00a0\u00bbon|500px|500px|500px|500px\u00a0\u00bb border_width_all=\u00a0\u00bb10px\u00a0\u00bb border_color_all=\u00a0\u00bb#FFFFFF\u00a0\u00bb global_colors_info=\u00a0\u00bb{}\u00a0\u00bb url=\u00a0\u00bbhttps:\/\/ads.google.com\/intl\/fr_fr\/start\/overview-ha\/?subid=fr-fr-ha-aw-bk-c-bau!o3~CjwKCAjw6eWnBhAKEiwADpnw9n-PAR3PNujXGXukbgwkvNUUcdCprvPO3JB6k-94llno01JZr8ZqJxoCyzwQAvD_BwE~111399935509~kwd-94527731~11441911600~474684996882&#038;utm_source=aw&#038;utm_medium=ha&#038;utm_campaign=fr-fr-ha-aw-bk-c-bau!o3~CjwKCAjw6eWnBhAKEiwADpnw9n-PAR3PNujXGXukbgwkvNUUcdCprvPO3JB6k-94llno01JZr8ZqJxoCyzwQAvD_BwE~111399935509~kwd-94527731~11441911600~474684996882&#038;gclid=CjwKCAjw6eWnBhAKEiwADpnw9n-PAR3PNujXGXukbgwkvNUUcdCprvPO3JB6k-94llno01JZr8ZqJxoCyzwQAvD_BwE&#038;gclsrc=aw.ds\u00a0\u00bb sticky_enabled=\u00a0\u00bb0&Prime;][\/et_pb_image][\/et_pb_column][\/et_pb_row][\/et_pb_section][et_pb_section fb_built=\u00a0\u00bb1&Prime; admin_label=\u00a0\u00bbAbout\u00a0\u00bb _builder_version=\u00a0\u00bb4.22.0&Prime; _module_preset=\u00a0\u00bbdefault\u00a0\u00bb custom_padding=\u00a0\u00bb4px|||||\u00a0\u00bb collapsed=\u00a0\u00bboff\u00a0\u00bb global_colors_info=\u00a0\u00bb{}\u00a0\u00bb][et_pb_row column_structure=\u00a0\u00bb1_2,1_2&Prime; _builder_version=\u00a0\u00bb4.22.0&Prime; _module_preset=\u00a0\u00bbdefault\u00a0\u00bb global_colors_info=\u00a0\u00bb{}\u00a0\u00bb][et_pb_column type=\u00a0\u00bb1_2&Prime; _builder_version=\u00a0\u00bb4.22.0&Prime; _module_preset=\u00a0\u00bbdefault\u00a0\u00bb global_colors_info=\u00a0\u00bb{}\u00a0\u00bb][et_pb_text _builder_version=\u00a0\u00bb4.22.1&Prime; _module_preset=\u00a0\u00bb49a76b4d-68ae-49a4-bcca-0ac86b9d96e1&Prime; custom_margin=\u00a0\u00bb||0px||false|false\u00a0\u00bb hover_enabled=\u00a0\u00bb0&Prime; header_5_font_size_phone=\u00a0\u00bb16px\u00a0\u00bb global_colors_info=\u00a0\u00bb{}\u00a0\u00bb sticky_enabled=\u00a0\u00bb0&Prime;]<\/p>\n<h5>D\u00e9finition<\/h5>\n<p>[\/et_pb_text][et_pb_text _builder_version=\u00a0\u00bb4.22.1&Prime; _module_preset=\u00a0\u00bb33a72c23-78d8-42d3-9db5-7031832c0d74&Prime; text_font=\u00a0\u00bbInter|300|||||||\u00a0\u00bb text_text_color=\u00a0\u00bb#000000&Prime; hover_enabled=\u00a0\u00bb0&Prime; global_colors_info=\u00a0\u00bb{}\u00a0\u00bb sticky_enabled=\u00a0\u00bb0&Prime;]<\/p>\n<p>Google Ads est un outil que vous pouvez utiliser pour promouvoir votre entreprise : simplifier l&rsquo;acc\u00e8s \u00e0 vos services, accro\u00eetre votre visibilit\u00e9 et attirer du trafic.<\/p>\n<p>Les comptes Google Ads sont g\u00e9r\u00e9s en ligne, et sont g\u00e9n\u00e9ralement pris en charge par des professionnels tels que notre agence de communication digitale.<\/p>\n<p>Vous pouvez cr\u00e9er et modifier votre campagne publicitaire \u00e0 tout moment, y compris le contenu de vos annonces et votre budget.<\/p>\n<p>[\/et_pb_text][\/et_pb_column][et_pb_column type=\u00a0\u00bb1_2&Prime; _builder_version=\u00a0\u00bb4.22.0&Prime; _module_preset=\u00a0\u00bbdefault\u00a0\u00bb global_colors_info=\u00a0\u00bb{}\u00a0\u00bb][et_pb_text _builder_version=\u00a0\u00bb4.22.1&Prime; _module_preset=\u00a0\u00bb49a76b4d-68ae-49a4-bcca-0ac86b9d96e1&Prime; custom_margin=\u00a0\u00bb||0px||false|false\u00a0\u00bb header_5_font_size_phone=\u00a0\u00bb16px\u00a0\u00bb global_colors_info=\u00a0\u00bb{}\u00a0\u00bb]<\/p>\n<h5>Comment \u00e7a marche ?<\/h5>\n<p>[\/et_pb_text][et_pb_text _builder_version=\u00a0\u00bb4.22.1&Prime; _module_preset=\u00a0\u00bb33a72c23-78d8-42d3-9db5-7031832c0d74&Prime; text_font=\u00a0\u00bbInter|300|||||||\u00a0\u00bb text_text_color=\u00a0\u00bb#000000&Prime; hover_enabled=\u00a0\u00bb0&Prime; global_colors_info=\u00a0\u00bb{}\u00a0\u00bb sticky_enabled=\u00a0\u00bb0&Prime;]<\/p>\n<p><span>Il n&rsquo;y a pas d&rsquo;exigence de d\u00e9penses minimales, cependant, dans les march\u00e9s comp\u00e9titifs, les annonceurs doivent s&rsquo;aligner sur les conditions du march\u00e9 pour avoir une chance d&rsquo;obtenir des prospects qualifi\u00e9s. Vous avez la libert\u00e9 de d\u00e9finir et de contr\u00f4ler votre propre budget. <\/span><\/p>\n<p><span>Vous pouvez choisir les emplacements o\u00f9 vos annonces sont diffus\u00e9es, d\u00e9finir un budget qui correspond \u00e0 vos besoins, et \u00e9valuer facilement l&rsquo;impact de vos annonces.<\/span><\/p>\n<p>[\/et_pb_text][\/et_pb_column][\/et_pb_row][\/et_pb_section][et_pb_section fb_built=\u00a0\u00bb1&Prime; admin_label=\u00a0\u00bbCall to Action\u00a0\u00bb _builder_version=\u00a0\u00bb4.22.0&Prime; _module_preset=\u00a0\u00bbdefault\u00a0\u00bb background_color=\u00a0\u00bbgcid-fc7b31e8-94d8-4560-b647-c33fa43cc805&Prime; width_tablet=\u00a0\u00bb80%\u00a0\u00bb width_phone=\u00a0\u00bb80%\u00a0\u00bb width_last_edited=\u00a0\u00bbon|tablet\u00a0\u00bb custom_margin=\u00a0\u00bb30px|30px|30px|30px|true|true\u00a0\u00bb custom_padding=\u00a0\u00bb||3px|||\u00a0\u00bb module_alignment_tablet=\u00a0\u00bbcenter\u00a0\u00bb module_alignment_phone=\u00a0\u00bbcenter\u00a0\u00bb module_alignment_last_edited=\u00a0\u00bbon|desktop\u00a0\u00bb border_radii=\u00a0\u00bbon|10px|10px|10px|10px\u00a0\u00bb locked=\u00a0\u00bboff\u00a0\u00bb collapsed=\u00a0\u00bboff\u00a0\u00bb global_colors_info=\u00a0\u00bb{%22gcid-fc7b31e8-94d8-4560-b647-c33fa43cc805%22:%91%22background_color%22%93}\u00a0\u00bb][et_pb_row column_structure=\u00a0\u00bb1_2,1_2&Prime; _builder_version=\u00a0\u00bb4.22.0&Prime; _module_preset=\u00a0\u00bbdefault\u00a0\u00bb global_colors_info=\u00a0\u00bb{}\u00a0\u00bb][et_pb_column type=\u00a0\u00bb1_2&Prime; _builder_version=\u00a0\u00bb4.22.0&Prime; _module_preset=\u00a0\u00bbdefault\u00a0\u00bb global_colors_info=\u00a0\u00bb{}\u00a0\u00bb][et_pb_image src=\u00a0\u00bbhttps:\/\/constructionetmarketing.com\/wp-content\/uploads\/2023\/09\/Capture-decran-2023-09-05-a-14.04.11.png\u00a0\u00bb title_text=\u00a0\u00bbCapture d\u2019\u00e9cran 2023-09-05 \u00e0 14.04.11&Prime; align=\u00a0\u00bbcenter\u00a0\u00bb _builder_version=\u00a0\u00bb4.22.1&Prime; _module_preset=\u00a0\u00bbdefault\u00a0\u00bb width=\u00a0\u00bb100%\u00a0\u00bb width_tablet=\u00a0\u00bb100%\u00a0\u00bb width_phone=\u00a0\u00bb100%\u00a0\u00bb width_last_edited=\u00a0\u00bbon|phone\u00a0\u00bb custom_margin=\u00a0\u00bb-70px|0px|-70px||true|false\u00a0\u00bb custom_margin_tablet=\u00a0\u00bb-70px|0px|-70px||true|false\u00a0\u00bb custom_margin_phone=\u00a0\u00bb|||0px|true|false\u00a0\u00bb custom_margin_last_edited=\u00a0\u00bbon|phone\u00a0\u00bb border_radii=\u00a0\u00bbon|10px|10px|10px|10px\u00a0\u00bb global_colors_info=\u00a0\u00bb{}\u00a0\u00bb][\/et_pb_image][\/et_pb_column][et_pb_column type=\u00a0\u00bb1_2&Prime; _builder_version=\u00a0\u00bb4.22.0&Prime; _module_preset=\u00a0\u00bbdefault\u00a0\u00bb global_colors_info=\u00a0\u00bb{}\u00a0\u00bb][et_pb_text _builder_version=\u00a0\u00bb4.22.1&Prime; _module_preset=\u00a0\u00bb33a72c23-78d8-42d3-9db5-7031832c0d74&Prime; text_font=\u00a0\u00bbInter|300|||||||\u00a0\u00bb text_text_color=\u00a0\u00bb#000000&Prime; hover_enabled=\u00a0\u00bb0&Prime; global_colors_info=\u00a0\u00bb{}\u00a0\u00bb sticky_enabled=\u00a0\u00bb0&Prime;]<\/p>\n<p><span>D\u00e8s \u00e0 pr\u00e9sent, lancer votre campagne publicitaire avec Google Ads afin de promouvoir votre entreprise. <\/span><\/p>\n<p><span>Ne laissez pas l&rsquo;opportunit\u00e9 de gagner en visibilit\u00e9 et en clients vous \u00e9chapper, surtout si vos concurrents investissent d\u00e9j\u00e0 dans <span style=\"color: #000000;\"><a href=\"https:\/\/constructionetmarketing.com\" style=\"color: #000000;\">la publicit\u00e9 en ligne<\/a><\/span>. <\/span><\/p>\n<p><span>Renforcer votre pr\u00e9sence sur le march\u00e9 et attirer de nouveaux clients vers votre entreprise en prenant rendez-vous.<\/span><\/p>\n<p>[\/et_pb_text][et_pb_button button_url=\u00a0\u00bb#ancre2&Prime; button_text=\u00a0\u00bbPrendre rendez-vous\u00a0\u00bb button_alignment_tablet=\u00a0\u00bb\u00a0\u00bb button_alignment_phone=\u00a0\u00bbcenter\u00a0\u00bb button_alignment_last_edited=\u00a0\u00bbon|phone\u00a0\u00bb _builder_version=\u00a0\u00bb4.22.1&Prime; _module_preset=\u00a0\u00bbc6a18058-5173-4b52-8e2f-c8c851cee5c0&Prime; button_border_color=\u00a0\u00bb#FF914D\u00a0\u00bb button_text_size_tablet=\u00a0\u00bb\u00a0\u00bb button_text_size_phone=\u00a0\u00bb12px\u00a0\u00bb button_text_size_last_edited=\u00a0\u00bbon|phone\u00a0\u00bb box_shadow_color=\u00a0\u00bb#FF914D\u00a0\u00bb global_colors_info=\u00a0\u00bb{}\u00a0\u00bb][\/et_pb_button][\/et_pb_column][\/et_pb_row][\/et_pb_section][et_pb_section fb_built=\u00a0\u00bb1&Prime; module_id=\u00a0\u00bbancre2&Prime; _builder_version=\u00a0\u00bb4.22.1&Prime; _module_preset=\u00a0\u00bbdefault\u00a0\u00bb global_colors_info=\u00a0\u00bb{}\u00a0\u00bb][et_pb_row _builder_version=\u00a0\u00bb4.22.1&Prime; _module_preset=\u00a0\u00bbdefault\u00a0\u00bb global_colors_info=\u00a0\u00bb{}\u00a0\u00bb][et_pb_column type=\u00a0\u00bb4_4&Prime; _builder_version=\u00a0\u00bb4.22.1&Prime; _module_preset=\u00a0\u00bbdefault\u00a0\u00bb global_colors_info=\u00a0\u00bb{}\u00a0\u00bb][et_pb_code _builder_version=\u00a0\u00bb4.22.1&Prime; _module_preset=\u00a0\u00bbdefault\u00a0\u00bb global_colors_info=\u00a0\u00bb{}\u00a0\u00bb]<!-- D\u00e9but de widget en ligne Calendly --><!-- [et_pb_line_break_holder] --><\/p>\n<div class=\"calendly-inline-widget\" data-url=\"https:\/\/calendly.com\/constructionetmarketing\/appel-strategique?hide_event_type_details=1&#038;hide_gdpr_banner=1\" style=\"min-width:320px;height:700px;\"><\/div>\n<p><!-- [et_pb_line_break_holder] --><script type=\"text\/javascript\" src=\"https:\/\/assets.calendly.com\/assets\/external\/widget.js\" async><\/script><!-- [et_pb_line_break_holder] --><!-- Fin de widget en ligne Calendly -->[\/et_pb_code][\/et_pb_column][\/et_pb_row][\/et_pb_section]<\/p>\n","protected":false},"excerpt":{"rendered":"<p>Google adsLien sponsoris\u00e9Gr\u00e2ce \u00e0 Google Ads, vous avez la possibilit\u00e9 de concevoir des annonces destin\u00e9es \u00e0 \u00eatre diffus\u00e9es sur internet. Cela vous permet ainsi d&rsquo;atteindre des clients potentiels int\u00e9ress\u00e9s par les produits et services que vous offrez.D\u00e9finitionGoogle Ads est un outil que vous pouvez utiliser pour promouvoir votre entreprise : simplifier l&rsquo;acc\u00e8s \u00e0 vos services, [&hellip;]<\/p>\n","protected":false},"author":1,"featured_media":0,"parent":0,"menu_order":0,"comment_status":"closed","ping_status":"closed","template":"","meta":{"_et_pb_use_builder":"on","_et_pb_old_content":"","_et_gb_content_width":"","footnotes":""},"class_list":["post-39","page","type-page","status-publish","hentry"],"yoast_head":"<!-- This site is optimized with the Yoast SEO plugin v21.1 - https:\/\/yoast.com\/wordpress\/plugins\/seo\/ -->\n<title>Google ADS - Construction et marketing<\/title>\n<meta name=\"description\" content=\"Gr\u00e2ce \u00e0 Google Ads, vous avez la possibilit\u00e9 de concevoir des annonces destin\u00e9es \u00e0 \u00eatre diffus\u00e9es sur internet.\" \/>\n<meta name=\"robots\" content=\"index, follow, max-snippet:-1, max-image-preview:large, max-video-preview:-1\" \/>\n<link rel=\"canonical\" href=\"https:\/\/constructionetmarketing.com\/index.php\/google-ads\/\" \/>\n<meta property=\"og:locale\" content=\"fr_FR\" \/>\n<meta property=\"og:type\" content=\"article\" \/>\n<meta property=\"og:title\" content=\"Google ADS - Construction et marketing\" \/>\n<meta property=\"og:description\" content=\"Gr\u00e2ce \u00e0 Google Ads, vous avez la possibilit\u00e9 de concevoir des annonces destin\u00e9es \u00e0 \u00eatre diffus\u00e9es sur internet.\" \/>\n<meta property=\"og:url\" content=\"https:\/\/constructionetmarketing.com\/index.php\/google-ads\/\" \/>\n<meta property=\"og:site_name\" content=\"Construction et marketing\" \/>\n<meta property=\"article:modified_time\" content=\"2023-09-07T09:11:09+00:00\" \/>\n<meta name=\"twitter:card\" content=\"summary_large_image\" \/>\n<meta name=\"twitter:label1\" content=\"Dur\u00e9e de lecture estim\u00e9e\" \/>\n\t<meta name=\"twitter:data1\" content=\"3 minutes\" \/>\n<script type=\"application\/ld+json\" class=\"yoast-schema-graph\">{\"@context\":\"https:\/\/schema.org\",\"@graph\":[{\"@type\":\"WebPage\",\"@id\":\"https:\/\/constructionetmarketing.com\/index.php\/google-ads\/\",\"url\":\"https:\/\/constructionetmarketing.com\/index.php\/google-ads\/\",\"name\":\"Google ADS - Construction et marketing\",\"isPartOf\":{\"@id\":\"https:\/\/constructionetmarketing.com\/#website\"},\"datePublished\":\"2023-09-04T07:46:39+00:00\",\"dateModified\":\"2023-09-07T09:11:09+00:00\",\"description\":\"Gr\u00e2ce \u00e0 Google Ads, vous avez la possibilit\u00e9 de concevoir des annonces destin\u00e9es \u00e0 \u00eatre diffus\u00e9es sur internet.\",\"breadcrumb\":{\"@id\":\"https:\/\/constructionetmarketing.com\/index.php\/google-ads\/#breadcrumb\"},\"inLanguage\":\"fr-FR\",\"potentialAction\":[{\"@type\":\"ReadAction\",\"target\":[\"https:\/\/constructionetmarketing.com\/index.php\/google-ads\/\"]}]},{\"@type\":\"BreadcrumbList\",\"@id\":\"https:\/\/constructionetmarketing.com\/index.php\/google-ads\/#breadcrumb\",\"itemListElement\":[{\"@type\":\"ListItem\",\"position\":1,\"name\":\"Accueil\",\"item\":\"https:\/\/constructionetmarketing.com\/\"},{\"@type\":\"ListItem\",\"position\":2,\"name\":\"Google ADS\"}]},{\"@type\":\"WebSite\",\"@id\":\"https:\/\/constructionetmarketing.com\/#website\",\"url\":\"https:\/\/constructionetmarketing.com\/\",\"name\":\"Construction et marketing\",\"description\":\"agence digital btp\",\"publisher\":{\"@id\":\"https:\/\/constructionetmarketing.com\/#organization\"},\"potentialAction\":[{\"@type\":\"SearchAction\",\"target\":{\"@type\":\"EntryPoint\",\"urlTemplate\":\"https:\/\/constructionetmarketing.com\/?s={search_term_string}\"},\"query-input\":\"required name=search_term_string\"}],\"inLanguage\":\"fr-FR\"},{\"@type\":\"Organization\",\"@id\":\"https:\/\/constructionetmarketing.com\/#organization\",\"name\":\"Construction et marketing\",\"url\":\"https:\/\/constructionetmarketing.com\/\",\"logo\":{\"@type\":\"ImageObject\",\"inLanguage\":\"fr-FR\",\"@id\":\"https:\/\/constructionetmarketing.com\/#\/schema\/logo\/image\/\",\"url\":\"https:\/\/constructionetmarketing.com\/wp-content\/uploads\/2023\/09\/cropped-Construction-marketing.png\",\"contentUrl\":\"https:\/\/constructionetmarketing.com\/wp-content\/uploads\/2023\/09\/cropped-Construction-marketing.png\",\"width\":512,\"height\":512,\"caption\":\"Construction et marketing\"},\"image\":{\"@id\":\"https:\/\/constructionetmarketing.com\/#\/schema\/logo\/image\/\"}}]}<\/script>\n<!-- \/ Yoast SEO plugin. -->","yoast_head_json":{"title":"Google ADS - Construction et marketing","description":"Gr\u00e2ce \u00e0 Google Ads, vous avez la possibilit\u00e9 de concevoir des annonces destin\u00e9es \u00e0 \u00eatre diffus\u00e9es sur internet.","robots":{"index":"index","follow":"follow","max-snippet":"max-snippet:-1","max-image-preview":"max-image-preview:large","max-video-preview":"max-video-preview:-1"},"canonical":"https:\/\/constructionetmarketing.com\/index.php\/google-ads\/","og_locale":"fr_FR","og_type":"article","og_title":"Google ADS - Construction et marketing","og_description":"Gr\u00e2ce \u00e0 Google Ads, vous avez la possibilit\u00e9 de concevoir des annonces destin\u00e9es \u00e0 \u00eatre diffus\u00e9es sur internet.","og_url":"https:\/\/constructionetmarketing.com\/index.php\/google-ads\/","og_site_name":"Construction et marketing","article_modified_time":"2023-09-07T09:11:09+00:00","twitter_card":"summary_large_image","twitter_misc":{"Dur\u00e9e de lecture estim\u00e9e":"3 minutes"},"schema":{"@context":"https:\/\/schema.org","@graph":[{"@type":"WebPage","@id":"https:\/\/constructionetmarketing.com\/index.php\/google-ads\/","url":"https:\/\/constructionetmarketing.com\/index.php\/google-ads\/","name":"Google ADS - Construction et marketing","isPartOf":{"@id":"https:\/\/constructionetmarketing.com\/#website"},"datePublished":"2023-09-04T07:46:39+00:00","dateModified":"2023-09-07T09:11:09+00:00","description":"Gr\u00e2ce \u00e0 Google Ads, vous avez la possibilit\u00e9 de concevoir des annonces destin\u00e9es \u00e0 \u00eatre diffus\u00e9es sur internet.","breadcrumb":{"@id":"https:\/\/constructionetmarketing.com\/index.php\/google-ads\/#breadcrumb"},"inLanguage":"fr-FR","potentialAction":[{"@type":"ReadAction","target":["https:\/\/constructionetmarketing.com\/index.php\/google-ads\/"]}]},{"@type":"BreadcrumbList","@id":"https:\/\/constructionetmarketing.com\/index.php\/google-ads\/#breadcrumb","itemListElement":[{"@type":"ListItem","position":1,"name":"Accueil","item":"https:\/\/constructionetmarketing.com\/"},{"@type":"ListItem","position":2,"name":"Google ADS"}]},{"@type":"WebSite","@id":"https:\/\/constructionetmarketing.com\/#website","url":"https:\/\/constructionetmarketing.com\/","name":"Construction et marketing","description":"agence digital btp","publisher":{"@id":"https:\/\/constructionetmarketing.com\/#organization"},"potentialAction":[{"@type":"SearchAction","target":{"@type":"EntryPoint","urlTemplate":"https:\/\/constructionetmarketing.com\/?s={search_term_string}"},"query-input":"required name=search_term_string"}],"inLanguage":"fr-FR"},{"@type":"Organization","@id":"https:\/\/constructionetmarketing.com\/#organization","name":"Construction et marketing","url":"https:\/\/constructionetmarketing.com\/","logo":{"@type":"ImageObject","inLanguage":"fr-FR","@id":"https:\/\/constructionetmarketing.com\/#\/schema\/logo\/image\/","url":"https:\/\/constructionetmarketing.com\/wp-content\/uploads\/2023\/09\/cropped-Construction-marketing.png","contentUrl":"https:\/\/constructionetmarketing.com\/wp-content\/uploads\/2023\/09\/cropped-Construction-marketing.png","width":512,"height":512,"caption":"Construction et marketing"},"image":{"@id":"https:\/\/constructionetmarketing.com\/#\/schema\/logo\/image\/"}}]}},"_links":{"self":[{"href":"https:\/\/constructionetmarketing.com\/index.php\/wp-json\/wp\/v2\/pages\/39","targetHints":{"allow":["GET"]}}],"collection":[{"href":"https:\/\/constructionetmarketing.com\/index.php\/wp-json\/wp\/v2\/pages"}],"about":[{"href":"https:\/\/constructionetmarketing.com\/index.php\/wp-json\/wp\/v2\/types\/page"}],"author":[{"embeddable":true,"href":"https:\/\/constructionetmarketing.com\/index.php\/wp-json\/wp\/v2\/users\/1"}],"replies":[{"embeddable":true,"href":"https:\/\/constructionetmarketing.com\/index.php\/wp-json\/wp\/v2\/comments?post=39"}],"version-history":[{"count":25,"href":"https:\/\/constructionetmarketing.com\/index.php\/wp-json\/wp\/v2\/pages\/39\/revisions"}],"predecessor-version":[{"id":851,"href":"https:\/\/constructionetmarketing.com\/index.php\/wp-json\/wp\/v2\/pages\/39\/revisions\/851"}],"wp:attachment":[{"href":"https:\/\/constructionetmarketing.com\/index.php\/wp-json\/wp\/v2\/media?parent=39"}],"curies":[{"name":"wp","href":"https:\/\/api.w.org\/{rel}","templated":true}]}}