{"id":45,"date":"2023-09-04T09:47:23","date_gmt":"2023-09-04T07:47:23","guid":{"rendered":"https:\/\/constructionetmarketing.com\/?page_id=45"},"modified":"2023-09-07T10:51:33","modified_gmt":"2023-09-07T08:51:33","slug":"creation-de-site","status":"publish","type":"page","link":"https:\/\/constructionetmarketing.com\/index.php\/creation-de-site\/","title":{"rendered":"Cr\u00e9ation de site"},"content":{"rendered":"\n[et_pb_section fb_built=\u00a0\u00bb1&Prime; admin_label=\u00a0\u00bbHeader\u00a0\u00bb _builder_version=\u00a0\u00bb4.22.0&Prime; _module_preset=\u00a0\u00bbdefault\u00a0\u00bb background_color=\u00a0\u00bbgcid-a13652f3-2793-4cb6-9d99-526eb1549d6a\u00a0\u00bb width_tablet=\u00a0\u00bb80%\u00a0\u00bb width_phone=\u00a0\u00bb80%\u00a0\u00bb width_last_edited=\u00a0\u00bbon|tablet\u00a0\u00bb custom_margin=\u00a0\u00bb30px|30px|30px|30px|true|true\u00a0\u00bb custom_padding=\u00a0\u00bb5px||5px|||\u00a0\u00bb module_alignment_tablet=\u00a0\u00bbcenter\u00a0\u00bb module_alignment_phone=\u00a0\u00bbcenter\u00a0\u00bb module_alignment_last_edited=\u00a0\u00bbon|desktop\u00a0\u00bb border_radii=\u00a0\u00bbon|10px|10px|10px|10px\u00a0\u00bb locked=\u00a0\u00bboff\u00a0\u00bb collapsed=\u00a0\u00bbon\u00a0\u00bb global_colors_info=\u00a0\u00bb{%22gcid-a13652f3-2793-4cb6-9d99-526eb1549d6a%22:%91%22background_color%22%93}\u00a0\u00bb][et_pb_row column_structure=\u00a0\u00bb2_3,1_3&Prime; _builder_version=\u00a0\u00bb4.22.0&Prime; _module_preset=\u00a0\u00bbdefault\u00a0\u00bb global_colors_info=\u00a0\u00bb{}\u00a0\u00bb][et_pb_column type=\u00a0\u00bb2_3&Prime; _builder_version=\u00a0\u00bb4.22.0&Prime; _module_preset=\u00a0\u00bbdefault\u00a0\u00bb global_colors_info=\u00a0\u00bb{}\u00a0\u00bb][et_pb_text _builder_version=\u00a0\u00bb4.22.1&Prime; _module_preset=\u00a0\u00bbdd4844aa-fb1d-47e1-a1a2-9681f014ffdc\u00a0\u00bb header_text_color=\u00a0\u00bb#8e41b4&Prime; header_font_size=\u00a0\u00bb50px\u00a0\u00bb custom_margin=\u00a0\u00bb40px||0px||false|false\u00a0\u00bb custom_margin_tablet=\u00a0\u00bb40px||0px||false|false\u00a0\u00bb custom_margin_phone=\u00a0\u00bb0px||0px||false|false\u00a0\u00bb custom_margin_last_edited=\u00a0\u00bbon|phone\u00a0\u00bb hover_enabled=\u00a0\u00bb0&Prime; header_font_size_phone=\u00a0\u00bb30px\u00a0\u00bb global_colors_info=\u00a0\u00bb{}\u00a0\u00bb sticky_enabled=\u00a0\u00bb0&Prime;]<h1>Cr\u00e9ation de site web<\/h1>[\/et_pb_text][et_pb_text _builder_version=\u00a0\u00bb4.22.1&Prime; _module_preset=\u00a0\u00bbdefault\u00a0\u00bb text_font=\u00a0\u00bbInter|700|||||||\u00a0\u00bb text_text_color=\u00a0\u00bb#000000&Prime; text_font_size=\u00a0\u00bb35px\u00a0\u00bb hover_enabled=\u00a0\u00bb0&Prime; sticky_enabled=\u00a0\u00bb0&Prime;]<p>\u00c0 votre image<\/p>[\/et_pb_text][et_pb_text _builder_version=\u00a0\u00bb4.22.1&Prime; _module_preset=\u00a0\u00bb49a76b4d-68ae-49a4-bcca-0ac86b9d96e1&Prime; header_5_font=\u00a0\u00bbInter|300|||||||\u00a0\u00bb header_5_font_size=\u00a0\u00bb16px\u00a0\u00bb hover_enabled=\u00a0\u00bb0&Prime; global_colors_info=\u00a0\u00bb{}\u00a0\u00bb sticky_enabled=\u00a0\u00bb0&Prime;]<h5><span>Aujourd&rsquo;hui, poss\u00e9der un site internet est essentiel pour communiquer efficacement sur vos services, \u00e0 condition de respecter des r\u00e8gles telles que le<strong> <a href=\"https:\/\/constructionetmarketing.com\/index.php\/seo\/\">r\u00e9f\u00e9rencement SEO<\/a><\/strong> pour gagner en visibilit\u00e9 aupr\u00e8s de vos futurs clients et les fid\u00e9liser, ce qui contribuera \u00e0 augmenter votre chiffre d&rsquo;affaires. <\/span><\/h5>\n<h5><span>Les agences de marketing digital sont l\u00e0 pour vous aider dans la cr\u00e9ation de site et la r\u00e9ussite de votre entreprise.\u00a0<\/span><\/h5>[\/et_pb_text][\/et_pb_column][et_pb_column type=\u00a0\u00bb1_3&Prime; _builder_version=\u00a0\u00bb4.22.0&Prime; _module_preset=\u00a0\u00bbdefault\u00a0\u00bb global_colors_info=\u00a0\u00bb{}\u00a0\u00bb][et_pb_image src=\u00a0\u00bbhttps:\/\/constructionetmarketing.com\/wp-content\/uploads\/2023\/09\/Capture-decran-2023-09-06-a-13.37.57.png\u00a0\u00bb title_text=\u00a0\u00bbCapture d\u2019\u00e9cran 2023-09-06 \u00e0 13.37.57&Prime; align=\u00a0\u00bbcenter\u00a0\u00bb _builder_version=\u00a0\u00bb4.22.1&Prime; _module_preset=\u00a0\u00bbdefault\u00a0\u00bb width=\u00a0\u00bb120%\u00a0\u00bb max_width_tablet=\u00a0\u00bb200px\u00a0\u00bb max_width_phone=\u00a0\u00bb200px\u00a0\u00bb max_width_last_edited=\u00a0\u00bbon|tablet\u00a0\u00bb max_height_tablet=\u00a0\u00bb200px\u00a0\u00bb max_height_phone=\u00a0\u00bb200px\u00a0\u00bb max_height_last_edited=\u00a0\u00bbon|tablet\u00a0\u00bb custom_margin=\u00a0\u00bb-1px||||false|false\u00a0\u00bb custom_margin_tablet=\u00a0\u00bb70px||||false|false\u00a0\u00bb custom_margin_phone=\u00a0\u00bb0px||||false|false\u00a0\u00bb custom_margin_last_edited=\u00a0\u00bbon|phone\u00a0\u00bb border_radii=\u00a0\u00bbon|500px|500px|500px|500px\u00a0\u00bb border_width_all=\u00a0\u00bb10px\u00a0\u00bb border_color_all=\u00a0\u00bb#FFFFFF\u00a0\u00bb global_colors_info=\u00a0\u00bb{}\u00a0\u00bb][\/et_pb_image][\/et_pb_column][\/et_pb_row][\/et_pb_section][et_pb_section fb_built=\u00a0\u00bb1&Prime; admin_label=\u00a0\u00bbAbout\u00a0\u00bb _builder_version=\u00a0\u00bb4.22.0&Prime; _module_preset=\u00a0\u00bbdefault\u00a0\u00bb custom_padding=\u00a0\u00bb4px|||||\u00a0\u00bb collapsed=\u00a0\u00bboff\u00a0\u00bb global_colors_info=\u00a0\u00bb{}\u00a0\u00bb][et_pb_row _builder_version=\u00a0\u00bb4.22.0&Prime; _module_preset=\u00a0\u00bbdefault\u00a0\u00bb global_colors_info=\u00a0\u00bb{}\u00a0\u00bb][et_pb_column type=\u00a0\u00bb4_4&Prime; _builder_version=\u00a0\u00bb4.22.0&Prime; _module_preset=\u00a0\u00bbdefault\u00a0\u00bb global_colors_info=\u00a0\u00bb{}\u00a0\u00bb][et_pb_text _builder_version=\u00a0\u00bb4.22.1&Prime; _module_preset=\u00a0\u00bb49a76b4d-68ae-49a4-bcca-0ac86b9d96e1&Prime; custom_margin=\u00a0\u00bb||0px||false|false\u00a0\u00bb hover_enabled=\u00a0\u00bb0&Prime; header_5_font_size_phone=\u00a0\u00bb16px\u00a0\u00bb global_colors_info=\u00a0\u00bb{}\u00a0\u00bb sticky_enabled=\u00a0\u00bb0&Prime;]<h5>Pourquoi avoir son site web ?<\/h5>[\/et_pb_text][et_pb_text _builder_version=\u00a0\u00bb4.22.1&Prime; _module_preset=\u00a0\u00bb33a72c23-78d8-42d3-9db5-7031832c0d74&Prime; text_font=\u00a0\u00bbInter|300|||||||\u00a0\u00bb text_text_color=\u00a0\u00bb#000000&Prime; global_colors_info=\u00a0\u00bb{}\u00a0\u00bb]<p><span>De plus en plus d&rsquo;entreprises du secteur du b\u00e2timent embrassent la communication num\u00e9rique en cr\u00e9ant leur site internet. <\/span><\/p>\n<p><span>En fait, 66% des TPE\/PME sond\u00e9es ont d\u00e9sormais leur propre site web. Cependant, il est pr\u00e9occupant de constater que 22% des entreprises du b\u00e2timent n&rsquo;ont toujours pas de pr\u00e9sence en ligne. Cela signifie qu&rsquo;elles ne sont pas visibles par leurs clients potentiels, laissant ainsi des parts de march\u00e9 \u00e0 leurs concurrents. <\/span><\/p>\n<p><span>Poss\u00e9der un site internet est essentiel pour garantir l&rsquo;autonomie du d\u00e9veloppement de son entreprise dans ce contexte num\u00e9rique en constante \u00e9volution.<\/span><\/p>[\/et_pb_text][\/et_pb_column][\/et_pb_row][\/et_pb_section][et_pb_section fb_built=\u00a0\u00bb1&Prime; admin_label=\u00a0\u00bbCall to Action\u00a0\u00bb _builder_version=\u00a0\u00bb4.22.0&Prime; _module_preset=\u00a0\u00bbdefault\u00a0\u00bb background_color=\u00a0\u00bbgcid-fc7b31e8-94d8-4560-b647-c33fa43cc805&Prime; width_tablet=\u00a0\u00bb80%\u00a0\u00bb width_phone=\u00a0\u00bb80%\u00a0\u00bb width_last_edited=\u00a0\u00bbon|tablet\u00a0\u00bb custom_margin=\u00a0\u00bb30px|30px|30px|30px|true|true\u00a0\u00bb custom_padding=\u00a0\u00bb||3px|||\u00a0\u00bb module_alignment_tablet=\u00a0\u00bbcenter\u00a0\u00bb module_alignment_phone=\u00a0\u00bbcenter\u00a0\u00bb module_alignment_last_edited=\u00a0\u00bbon|desktop\u00a0\u00bb border_radii=\u00a0\u00bbon|10px|10px|10px|10px\u00a0\u00bb locked=\u00a0\u00bboff\u00a0\u00bb collapsed=\u00a0\u00bboff\u00a0\u00bb global_colors_info=\u00a0\u00bb{%22gcid-fc7b31e8-94d8-4560-b647-c33fa43cc805%22:%91%22background_color%22%93}\u00a0\u00bb][et_pb_row column_structure=\u00a0\u00bb1_2,1_2&Prime; _builder_version=\u00a0\u00bb4.22.0&Prime; _module_preset=\u00a0\u00bbdefault\u00a0\u00bb global_colors_info=\u00a0\u00bb{}\u00a0\u00bb][et_pb_column type=\u00a0\u00bb1_2&Prime; _builder_version=\u00a0\u00bb4.22.0&Prime; _module_preset=\u00a0\u00bbdefault\u00a0\u00bb global_colors_info=\u00a0\u00bb{}\u00a0\u00bb][et_pb_image src=\u00a0\u00bbhttps:\/\/constructionetmarketing.com\/wp-content\/uploads\/2023\/09\/Capture-decran-2023-09-06-a-13.44.58.png\u00a0\u00bb title_text=\u00a0\u00bbCapture d\u2019\u00e9cran 2023-09-06 \u00e0 13.44.58&Prime; align=\u00a0\u00bbcenter\u00a0\u00bb _builder_version=\u00a0\u00bb4.22.1&Prime; _module_preset=\u00a0\u00bbdefault\u00a0\u00bb width=\u00a0\u00bb100%\u00a0\u00bb width_tablet=\u00a0\u00bb100%\u00a0\u00bb width_phone=\u00a0\u00bb100%\u00a0\u00bb width_last_edited=\u00a0\u00bbon|phone\u00a0\u00bb custom_margin=\u00a0\u00bb-70px|0px|-70px||true|false\u00a0\u00bb custom_margin_tablet=\u00a0\u00bb-70px|0px|-70px||true|false\u00a0\u00bb custom_margin_phone=\u00a0\u00bb|||0px|true|false\u00a0\u00bb custom_margin_last_edited=\u00a0\u00bbon|phone\u00a0\u00bb hover_enabled=\u00a0\u00bb0&Prime; border_radii=\u00a0\u00bbon|10px|10px|10px|10px\u00a0\u00bb global_colors_info=\u00a0\u00bb{}\u00a0\u00bb url=\u00a0\u00bbhttp:\/\/icvrenov.fr\u00a0\u00bb sticky_enabled=\u00a0\u00bb0&Prime;][\/et_pb_image][\/et_pb_column][et_pb_column type=\u00a0\u00bb1_2&Prime; _builder_version=\u00a0\u00bb4.22.0&Prime; _module_preset=\u00a0\u00bbdefault\u00a0\u00bb global_colors_info=\u00a0\u00bb{}\u00a0\u00bb][et_pb_text _builder_version=\u00a0\u00bb4.22.1&Prime; _module_preset=\u00a0\u00bb33a72c23-78d8-42d3-9db5-7031832c0d74&Prime; text_font=\u00a0\u00bbInter|300|||||||\u00a0\u00bb text_text_color=\u00a0\u00bb#000000&Prime; global_colors_info=\u00a0\u00bb{}\u00a0\u00bb]<p><span>Je vous invite \u00e0 prendre rendez-vous avec moi pour discuter de la cr\u00e9ation de votre site internet. <\/span><\/p>\n<p><span>Un site web efficace est un atout essentiel pour votre entreprise, et je serais ravi de vous aider \u00e0 tirer le meilleur parti de cette opportunit\u00e9 num\u00e9rique. Contactez-moi d\u00e8s aujourd&rsquo;hui pour planifier notre rendez-vous et commencer \u00e0 d\u00e9velopper votre pr\u00e9sence en ligne.<\/span><\/p>[\/et_pb_text][et_pb_button button_url=\u00a0\u00bb#ancre3&Prime; button_text=\u00a0\u00bbPrendre rendez-vous\u00a0\u00bb button_alignment_tablet=\u00a0\u00bb\u00a0\u00bb button_alignment_phone=\u00a0\u00bbcenter\u00a0\u00bb button_alignment_last_edited=\u00a0\u00bbon|phone\u00a0\u00bb _builder_version=\u00a0\u00bb4.22.1&Prime; _module_preset=\u00a0\u00bbc6a18058-5173-4b52-8e2f-c8c851cee5c0&Prime; button_border_color=\u00a0\u00bb#FF914D\u00a0\u00bb button_text_size_tablet=\u00a0\u00bb\u00a0\u00bb button_text_size_phone=\u00a0\u00bb12px\u00a0\u00bb button_text_size_last_edited=\u00a0\u00bbon|phone\u00a0\u00bb box_shadow_color=\u00a0\u00bb#FF914D\u00a0\u00bb global_colors_info=\u00a0\u00bb{}\u00a0\u00bb][\/et_pb_button][\/et_pb_column][\/et_pb_row][\/et_pb_section][et_pb_section fb_built=\u00a0\u00bb1&Prime; module_id=\u00a0\u00bbancre3&Prime; _builder_version=\u00a0\u00bb4.22.1&Prime; _module_preset=\u00a0\u00bbdefault\u00a0\u00bb global_colors_info=\u00a0\u00bb{}\u00a0\u00bb][et_pb_row _builder_version=\u00a0\u00bb4.22.1&Prime; _module_preset=\u00a0\u00bbdefault\u00a0\u00bb global_colors_info=\u00a0\u00bb{}\u00a0\u00bb][et_pb_column type=\u00a0\u00bb4_4&Prime; _builder_version=\u00a0\u00bb4.22.1&Prime; _module_preset=\u00a0\u00bbdefault\u00a0\u00bb global_colors_info=\u00a0\u00bb{}\u00a0\u00bb][et_pb_code _builder_version=\u00a0\u00bb4.22.1&Prime; _module_preset=\u00a0\u00bbdefault\u00a0\u00bb global_colors_info=\u00a0\u00bb{}\u00a0\u00bb]<!-- D\u00e9but de widget en ligne Calendly --><!-- [et_pb_line_break_holder] --><div class=\"calendly-inline-widget\" data-url=\"https:\/\/calendly.com\/constructionetmarketing\/appel-strategique?hide_event_type_details=1&#038;hide_gdpr_banner=1\" style=\"min-width:320px;height:700px;\"><\/div><!-- [et_pb_line_break_holder] --><script type=\"text\/javascript\" src=\"https:\/\/assets.calendly.com\/assets\/external\/widget.js\" async><\/script><!-- [et_pb_line_break_holder] --><!-- Fin de widget en ligne Calendly -->[\/et_pb_code][\/et_pb_column][\/et_pb_row][\/et_pb_section]\n","protected":false},"excerpt":{"rendered":"<p>Cr\u00e9ation de site web\u00c0 votre imageAujourd&rsquo;hui, poss\u00e9der un site internet est essentiel pour communiquer efficacement sur vos services, \u00e0 condition de respecter des r\u00e8gles telles que le r\u00e9f\u00e9rencement SEO pour gagner en visibilit\u00e9 aupr\u00e8s de vos futurs clients et les fid\u00e9liser, ce qui contribuera \u00e0 augmenter votre chiffre d&rsquo;affaires. Les agences de marketing digital sont [&hellip;]<\/p>\n","protected":false},"author":1,"featured_media":0,"parent":0,"menu_order":0,"comment_status":"closed","ping_status":"closed","template":"","meta":{"_et_pb_use_builder":"on","_et_pb_old_content":"","_et_gb_content_width":"","footnotes":""},"class_list":["post-45","page","type-page","status-publish","hentry"],"yoast_head":"<!-- This site is optimized with the Yoast SEO plugin v21.1 - https:\/\/yoast.com\/wordpress\/plugins\/seo\/ -->\n<title>Cr\u00e9ation de site - Construction et marketing<\/title>\n<meta name=\"description\" content=\"Nous faisons de la cr\u00e9ation de site web pour vos entreprise du b\u00e2timent et de la r\u00e9novation \u00e9nerg\u00e9tique. Am\u00e9liorer votre visibilit\u00e9.\" \/>\n<meta name=\"robots\" content=\"index, follow, max-snippet:-1, max-image-preview:large, max-video-preview:-1\" \/>\n<link rel=\"canonical\" href=\"https:\/\/constructionetmarketing.com\/index.php\/creation-de-site\/\" \/>\n<meta property=\"og:locale\" content=\"fr_FR\" \/>\n<meta property=\"og:type\" content=\"article\" \/>\n<meta property=\"og:title\" content=\"Cr\u00e9ation de site - Construction et marketing\" \/>\n<meta property=\"og:description\" content=\"Nous faisons de la cr\u00e9ation de site web pour vos entreprise du b\u00e2timent et de la r\u00e9novation \u00e9nerg\u00e9tique. Am\u00e9liorer votre visibilit\u00e9.\" \/>\n<meta property=\"og:url\" content=\"https:\/\/constructionetmarketing.com\/index.php\/creation-de-site\/\" \/>\n<meta property=\"og:site_name\" content=\"Construction et marketing\" \/>\n<meta property=\"article:modified_time\" content=\"2023-09-07T08:51:33+00:00\" \/>\n<meta name=\"twitter:card\" content=\"summary_large_image\" \/>\n<meta name=\"twitter:label1\" content=\"Dur\u00e9e de lecture estim\u00e9e\" \/>\n\t<meta name=\"twitter:data1\" content=\"3 minutes\" \/>\n<script type=\"application\/ld+json\" class=\"yoast-schema-graph\">{\"@context\":\"https:\/\/schema.org\",\"@graph\":[{\"@type\":\"WebPage\",\"@id\":\"https:\/\/constructionetmarketing.com\/index.php\/creation-de-site\/\",\"url\":\"https:\/\/constructionetmarketing.com\/index.php\/creation-de-site\/\",\"name\":\"Cr\u00e9ation de site - Construction et marketing\",\"isPartOf\":{\"@id\":\"https:\/\/constructionetmarketing.com\/#website\"},\"datePublished\":\"2023-09-04T07:47:23+00:00\",\"dateModified\":\"2023-09-07T08:51:33+00:00\",\"description\":\"Nous faisons de la cr\u00e9ation de site web pour vos entreprise du b\u00e2timent et de la r\u00e9novation \u00e9nerg\u00e9tique. Am\u00e9liorer votre visibilit\u00e9.\",\"breadcrumb\":{\"@id\":\"https:\/\/constructionetmarketing.com\/index.php\/creation-de-site\/#breadcrumb\"},\"inLanguage\":\"fr-FR\",\"potentialAction\":[{\"@type\":\"ReadAction\",\"target\":[\"https:\/\/constructionetmarketing.com\/index.php\/creation-de-site\/\"]}]},{\"@type\":\"BreadcrumbList\",\"@id\":\"https:\/\/constructionetmarketing.com\/index.php\/creation-de-site\/#breadcrumb\",\"itemListElement\":[{\"@type\":\"ListItem\",\"position\":1,\"name\":\"Accueil\",\"item\":\"https:\/\/constructionetmarketing.com\/\"},{\"@type\":\"ListItem\",\"position\":2,\"name\":\"Cr\u00e9ation de site\"}]},{\"@type\":\"WebSite\",\"@id\":\"https:\/\/constructionetmarketing.com\/#website\",\"url\":\"https:\/\/constructionetmarketing.com\/\",\"name\":\"Construction et marketing\",\"description\":\"agence digital btp\",\"publisher\":{\"@id\":\"https:\/\/constructionetmarketing.com\/#organization\"},\"potentialAction\":[{\"@type\":\"SearchAction\",\"target\":{\"@type\":\"EntryPoint\",\"urlTemplate\":\"https:\/\/constructionetmarketing.com\/?s={search_term_string}\"},\"query-input\":\"required name=search_term_string\"}],\"inLanguage\":\"fr-FR\"},{\"@type\":\"Organization\",\"@id\":\"https:\/\/constructionetmarketing.com\/#organization\",\"name\":\"Construction et marketing\",\"url\":\"https:\/\/constructionetmarketing.com\/\",\"logo\":{\"@type\":\"ImageObject\",\"inLanguage\":\"fr-FR\",\"@id\":\"https:\/\/constructionetmarketing.com\/#\/schema\/logo\/image\/\",\"url\":\"https:\/\/constructionetmarketing.com\/wp-content\/uploads\/2023\/09\/cropped-Construction-marketing.png\",\"contentUrl\":\"https:\/\/constructionetmarketing.com\/wp-content\/uploads\/2023\/09\/cropped-Construction-marketing.png\",\"width\":512,\"height\":512,\"caption\":\"Construction et marketing\"},\"image\":{\"@id\":\"https:\/\/constructionetmarketing.com\/#\/schema\/logo\/image\/\"}}]}<\/script>\n<!-- \/ Yoast SEO plugin. -->","yoast_head_json":{"title":"Cr\u00e9ation de site - Construction et marketing","description":"Nous faisons de la cr\u00e9ation de site web pour vos entreprise du b\u00e2timent et de la r\u00e9novation \u00e9nerg\u00e9tique. Am\u00e9liorer votre visibilit\u00e9.","robots":{"index":"index","follow":"follow","max-snippet":"max-snippet:-1","max-image-preview":"max-image-preview:large","max-video-preview":"max-video-preview:-1"},"canonical":"https:\/\/constructionetmarketing.com\/index.php\/creation-de-site\/","og_locale":"fr_FR","og_type":"article","og_title":"Cr\u00e9ation de site - Construction et marketing","og_description":"Nous faisons de la cr\u00e9ation de site web pour vos entreprise du b\u00e2timent et de la r\u00e9novation \u00e9nerg\u00e9tique. Am\u00e9liorer votre visibilit\u00e9.","og_url":"https:\/\/constructionetmarketing.com\/index.php\/creation-de-site\/","og_site_name":"Construction et marketing","article_modified_time":"2023-09-07T08:51:33+00:00","twitter_card":"summary_large_image","twitter_misc":{"Dur\u00e9e de lecture estim\u00e9e":"3 minutes"},"schema":{"@context":"https:\/\/schema.org","@graph":[{"@type":"WebPage","@id":"https:\/\/constructionetmarketing.com\/index.php\/creation-de-site\/","url":"https:\/\/constructionetmarketing.com\/index.php\/creation-de-site\/","name":"Cr\u00e9ation de site - Construction et marketing","isPartOf":{"@id":"https:\/\/constructionetmarketing.com\/#website"},"datePublished":"2023-09-04T07:47:23+00:00","dateModified":"2023-09-07T08:51:33+00:00","description":"Nous faisons de la cr\u00e9ation de site web pour vos entreprise du b\u00e2timent et de la r\u00e9novation \u00e9nerg\u00e9tique. Am\u00e9liorer votre visibilit\u00e9.","breadcrumb":{"@id":"https:\/\/constructionetmarketing.com\/index.php\/creation-de-site\/#breadcrumb"},"inLanguage":"fr-FR","potentialAction":[{"@type":"ReadAction","target":["https:\/\/constructionetmarketing.com\/index.php\/creation-de-site\/"]}]},{"@type":"BreadcrumbList","@id":"https:\/\/constructionetmarketing.com\/index.php\/creation-de-site\/#breadcrumb","itemListElement":[{"@type":"ListItem","position":1,"name":"Accueil","item":"https:\/\/constructionetmarketing.com\/"},{"@type":"ListItem","position":2,"name":"Cr\u00e9ation de site"}]},{"@type":"WebSite","@id":"https:\/\/constructionetmarketing.com\/#website","url":"https:\/\/constructionetmarketing.com\/","name":"Construction et marketing","description":"agence digital btp","publisher":{"@id":"https:\/\/constructionetmarketing.com\/#organization"},"potentialAction":[{"@type":"SearchAction","target":{"@type":"EntryPoint","urlTemplate":"https:\/\/constructionetmarketing.com\/?s={search_term_string}"},"query-input":"required name=search_term_string"}],"inLanguage":"fr-FR"},{"@type":"Organization","@id":"https:\/\/constructionetmarketing.com\/#organization","name":"Construction et marketing","url":"https:\/\/constructionetmarketing.com\/","logo":{"@type":"ImageObject","inLanguage":"fr-FR","@id":"https:\/\/constructionetmarketing.com\/#\/schema\/logo\/image\/","url":"https:\/\/constructionetmarketing.com\/wp-content\/uploads\/2023\/09\/cropped-Construction-marketing.png","contentUrl":"https:\/\/constructionetmarketing.com\/wp-content\/uploads\/2023\/09\/cropped-Construction-marketing.png","width":512,"height":512,"caption":"Construction et marketing"},"image":{"@id":"https:\/\/constructionetmarketing.com\/#\/schema\/logo\/image\/"}}]}},"_links":{"self":[{"href":"https:\/\/constructionetmarketing.com\/index.php\/wp-json\/wp\/v2\/pages\/45","targetHints":{"allow":["GET"]}}],"collection":[{"href":"https:\/\/constructionetmarketing.com\/index.php\/wp-json\/wp\/v2\/pages"}],"about":[{"href":"https:\/\/constructionetmarketing.com\/index.php\/wp-json\/wp\/v2\/types\/page"}],"author":[{"embeddable":true,"href":"https:\/\/constructionetmarketing.com\/index.php\/wp-json\/wp\/v2\/users\/1"}],"replies":[{"embeddable":true,"href":"https:\/\/constructionetmarketing.com\/index.php\/wp-json\/wp\/v2\/comments?post=45"}],"version-history":[{"count":18,"href":"https:\/\/constructionetmarketing.com\/index.php\/wp-json\/wp\/v2\/pages\/45\/revisions"}],"predecessor-version":[{"id":810,"href":"https:\/\/constructionetmarketing.com\/index.php\/wp-json\/wp\/v2\/pages\/45\/revisions\/810"}],"wp:attachment":[{"href":"https:\/\/constructionetmarketing.com\/index.php\/wp-json\/wp\/v2\/media?parent=45"}],"curies":[{"name":"wp","href":"https:\/\/api.w.org\/{rel}","templated":true}]}}